{"id":734,"date":"2026-04-17T12:42:47","date_gmt":"2026-04-17T10:42:47","guid":{"rendered":"https:\/\/ibied3d.store\/?post_type=product&#038;p=734"},"modified":"2026-04-17T12:42:47","modified_gmt":"2026-04-17T10:42:47","slug":"grip-de-agarre-compacto-retroid-pocket-flip-2","status":"publish","type":"product","link":"https:\/\/ibied3d.store\/?product=grip-de-agarre-compacto-retroid-pocket-flip-2","title":{"rendered":"Grip de agarre compacto Retroid Pocket Flip 2"},"content":{"rendered":"<p>Nuevo grip de agarre compacto para tu Retroid Pocket Flip 2, mejora mucho la ergonom\u00eda para largas horas de juego, y tambi\u00e9n da un toque de personalizaci\u00f3n a tu retroid sin perder mucho la portabilidad ya que el tama\u00f1o no es excesivamente grande, elige el color disponible que m\u00e1s te guste.<\/p>\n","protected":false},"excerpt":{"rendered":"<p>Nuevo grip de agarre compacto para tu Retroid Pocket Flip 2, mejora mucho la ergonom\u00eda para largas horas de juego, y tambi\u00e9n da un toque de personalizaci\u00f3n a tu retroid sin perder mucho la portabilidad ya que el tama\u00f1o no es excesivamente grande, elige el color disponible que m\u00e1s te guste.<\/p>\n","protected":false},"featured_media":739,"comment_status":"open","ping_status":"closed","template":"","meta":[],"product_brand":[],"product_cat":[17],"product_tag":[210,24,204,205,206,211,209,203,208,207],"class_list":{"0":"post-734","1":"product","2":"type-product","3":"status-publish","4":"has-post-thumbnail","6":"product_cat-retroid-pocket-flip-2","7":"product_tag-accesorio-gaming-retroid-flip-2","8":"product_tag-accesorio-retroid-pocket-flip-2","9":"product_tag-agarre-retroid-pocket-flip-2","10":"product_tag-grip-compacto-retroid-flip-2","11":"product_tag-grip-ergonomico-retroid-flip-2","12":"product_tag-grip-ligero-retroid-pocket-flip-2","13":"product_tag-grip-portatil-retroid-pocket-flip-2","14":"product_tag-grip-retroid-pocket-flip-2","15":"product_tag-mejora-agarre-retroid-flip-2","16":"product_tag-soporte-agarre-retroid-pocket-flip-2","18":"first","19":"instock","20":"taxable","21":"shipping-taxable","22":"purchasable","23":"product-type-variable"},"_links":{"self":[{"href":"https:\/\/ibied3d.store\/index.php?rest_route=\/wp\/v2\/product\/734","targetHints":{"allow":["GET"]}}],"collection":[{"href":"https:\/\/ibied3d.store\/index.php?rest_route=\/wp\/v2\/product"}],"about":[{"href":"https:\/\/ibied3d.store\/index.php?rest_route=\/wp\/v2\/types\/product"}],"replies":[{"embeddable":true,"href":"https:\/\/ibied3d.store\/index.php?rest_route=%2Fwp%2Fv2%2Fcomments&post=734"}],"wp:featuredmedia":[{"embeddable":true,"href":"https:\/\/ibied3d.store\/index.php?rest_route=\/wp\/v2\/media\/739"}],"wp:attachment":[{"href":"https:\/\/ibied3d.store\/index.php?rest_route=%2Fwp%2Fv2%2Fmedia&parent=734"}],"wp:term":[{"taxonomy":"product_brand","embeddable":true,"href":"https:\/\/ibied3d.store\/index.php?rest_route=%2Fwp%2Fv2%2Fproduct_brand&post=734"},{"taxonomy":"product_cat","embeddable":true,"href":"https:\/\/ibied3d.store\/index.php?rest_route=%2Fwp%2Fv2%2Fproduct_cat&post=734"},{"taxonomy":"product_tag","embeddable":true,"href":"https:\/\/ibied3d.store\/index.php?rest_route=%2Fwp%2Fv2%2Fproduct_tag&post=734"}],"curies":[{"name":"wp","href":"https:\/\/api.w.org\/{rel}","templated":true}]}}