{"id":471,"date":"2026-03-17T19:26:02","date_gmt":"2026-03-17T18:26:02","guid":{"rendered":"https:\/\/ibied3d.store\/?post_type=product&#038;p=471"},"modified":"2026-04-19T19:01:40","modified_gmt":"2026-04-19T17:01:40","slug":"grip-de-agarre-con-soporte-lapiz-optico-para-ayn-thor","status":"publish","type":"product","link":"https:\/\/ibied3d.store\/?product=grip-de-agarre-con-soporte-lapiz-optico-para-ayn-thor","title":{"rendered":"Grip de agarre con soporte L\u00e1piz \u00d3ptico para Ayn Thor"},"content":{"rendered":"<p>Grip de agarre para mejorar la ergonom\u00eda y la comodidad de la Ayn Thor en largas sesiones de juego y con soporte para tu l\u00e1piz \u00f3ptico. Puedes elegir el color que m\u00e1s te guste, o bien en base a tu consola, o por combinar con mis carcasas.<\/p>\n","protected":false},"excerpt":{"rendered":"<p>Grip de agarre para mejorar la ergonom\u00eda y la comodidad de la Ayn Thor en largas sesiones de juego y con soporte para tu l\u00e1piz \u00f3ptico. Puedes elegir el color que m\u00e1s te guste, o bien en base a tu consola, o por combinar con mis carcasas.<\/p>\n","protected":false},"featured_media":750,"comment_status":"open","ping_status":"closed","template":"","meta":[],"product_brand":[],"product_cat":[30],"product_tag":[34,38,32,31,149,153,152,39,151,150],"class_list":{"0":"post-471","1":"product","2":"type-product","3":"status-publish","4":"has-post-thumbnail","6":"product_cat-ayn-thor","7":"product_tag-accesorio-ayn-thor","8":"product_tag-accesorio-gaming-ayn-thor","9":"product_tag-agarre-ayn-thor","10":"product_tag-grip-ayn-thor","11":"product_tag-grip-con-soporte-lapiz-optico-ayn-thor","12":"product_tag-grip-con-stylus-ayn-thor","13":"product_tag-grip-ergonomico-ayn-thor","14":"product_tag-mejora-agarre-ayn-thor","15":"product_tag-soporte-lapiz-ayn-thor","16":"product_tag-soporte-stylus-ayn-thor","18":"first","19":"instock","20":"taxable","21":"shipping-taxable","22":"purchasable","23":"product-type-variable"},"_links":{"self":[{"href":"https:\/\/ibied3d.store\/index.php?rest_route=\/wp\/v2\/product\/471","targetHints":{"allow":["GET"]}}],"collection":[{"href":"https:\/\/ibied3d.store\/index.php?rest_route=\/wp\/v2\/product"}],"about":[{"href":"https:\/\/ibied3d.store\/index.php?rest_route=\/wp\/v2\/types\/product"}],"replies":[{"embeddable":true,"href":"https:\/\/ibied3d.store\/index.php?rest_route=%2Fwp%2Fv2%2Fcomments&post=471"}],"wp:featuredmedia":[{"embeddable":true,"href":"https:\/\/ibied3d.store\/index.php?rest_route=\/wp\/v2\/media\/750"}],"wp:attachment":[{"href":"https:\/\/ibied3d.store\/index.php?rest_route=%2Fwp%2Fv2%2Fmedia&parent=471"}],"wp:term":[{"taxonomy":"product_brand","embeddable":true,"href":"https:\/\/ibied3d.store\/index.php?rest_route=%2Fwp%2Fv2%2Fproduct_brand&post=471"},{"taxonomy":"product_cat","embeddable":true,"href":"https:\/\/ibied3d.store\/index.php?rest_route=%2Fwp%2Fv2%2Fproduct_cat&post=471"},{"taxonomy":"product_tag","embeddable":true,"href":"https:\/\/ibied3d.store\/index.php?rest_route=%2Fwp%2Fv2%2Fproduct_tag&post=471"}],"curies":[{"name":"wp","href":"https:\/\/api.w.org\/{rel}","templated":true}]}}