{"id":450,"date":"2026-03-17T15:55:08","date_gmt":"2026-03-17T14:55:08","guid":{"rendered":"https:\/\/ibied3d.store\/?post_type=product&#038;p=450"},"modified":"2026-04-19T18:59:53","modified_gmt":"2026-04-19T16:59:53","slug":"mejora-gatillos-l2-r2-para-ayn-thor","status":"publish","type":"product","link":"https:\/\/ibied3d.store\/?product=mejora-gatillos-l2-r2-para-ayn-thor","title":{"rendered":"Mejora Gatillos L2\/R2 para Ayn Thor"},"content":{"rendered":"<p>Mejora la ergonom\u00eda y acceso de los gatillos L2 y R2 ( traseros ) de tu Ayn Thor con ese dise\u00f1o m\u00e1s ergon\u00f3mico, elevados y aumentando tama\u00f1o para su mejor acceso y comodidad jugando, se ajustan con tipo clip no hay que pegar ni estropea los originales, elige tu color que mejor combine con tu Ayn Thor.<\/p>\n","protected":false},"excerpt":{"rendered":"<p>Mejora la ergonom\u00eda y acceso de los gatillos L2 y R2 ( traseros ) de tu Ayn Thor con ese dise\u00f1o m\u00e1s ergon\u00f3mico, elevados y aumentando tama\u00f1o para su mejor acceso y comodidad jugando, se ajustan con tipo clip no hay que pegar ni estropea los originales, elige tu color que mejor combine con tu Ayn Thor.<\/p>\n","protected":false},"featured_media":470,"comment_status":"open","ping_status":"closed","template":"","meta":[],"product_brand":[],"product_cat":[30],"product_tag":[34,142,144,140,145,141,147,146,148,143],"class_list":{"0":"post-450","1":"product","2":"type-product","3":"status-publish","4":"has-post-thumbnail","6":"product_cat-ayn-thor","7":"product_tag-accesorio-ayn-thor","8":"product_tag-botones-l2-r2-ayn-thor","9":"product_tag-gatillos-ergonomicos-ayn-thor","10":"product_tag-gatillos-l2-r2-ayn-thor","11":"product_tag-mejora-gaming-ayn-thor","12":"product_tag-mejora-gatillos-ayn-thor","13":"product_tag-mod-gatillos-ayn-thor","14":"product_tag-piezas-repuesto-ayn-thor","15":"product_tag-trigger-upgrade-ayn-thor","16":"product_tag-upgrade-triggers-ayn-thor","18":"first","19":"instock","20":"taxable","21":"shipping-taxable","22":"purchasable","23":"product-type-variable","24":"has-default-attributes"},"_links":{"self":[{"href":"https:\/\/ibied3d.store\/index.php?rest_route=\/wp\/v2\/product\/450","targetHints":{"allow":["GET"]}}],"collection":[{"href":"https:\/\/ibied3d.store\/index.php?rest_route=\/wp\/v2\/product"}],"about":[{"href":"https:\/\/ibied3d.store\/index.php?rest_route=\/wp\/v2\/types\/product"}],"replies":[{"embeddable":true,"href":"https:\/\/ibied3d.store\/index.php?rest_route=%2Fwp%2Fv2%2Fcomments&post=450"}],"wp:featuredmedia":[{"embeddable":true,"href":"https:\/\/ibied3d.store\/index.php?rest_route=\/wp\/v2\/media\/470"}],"wp:attachment":[{"href":"https:\/\/ibied3d.store\/index.php?rest_route=%2Fwp%2Fv2%2Fmedia&parent=450"}],"wp:term":[{"taxonomy":"product_brand","embeddable":true,"href":"https:\/\/ibied3d.store\/index.php?rest_route=%2Fwp%2Fv2%2Fproduct_brand&post=450"},{"taxonomy":"product_cat","embeddable":true,"href":"https:\/\/ibied3d.store\/index.php?rest_route=%2Fwp%2Fv2%2Fproduct_cat&post=450"},{"taxonomy":"product_tag","embeddable":true,"href":"https:\/\/ibied3d.store\/index.php?rest_route=%2Fwp%2Fv2%2Fproduct_tag&post=450"}],"curies":[{"name":"wp","href":"https:\/\/api.w.org\/{rel}","templated":true}]}}