{"id":443,"date":"2026-03-17T09:32:21","date_gmt":"2026-03-17T08:32:21","guid":{"rendered":"https:\/\/ibied3d.store\/?post_type=product&#038;p=443"},"modified":"2026-03-22T19:55:36","modified_gmt":"2026-03-22T18:55:36","slug":"carcasa-superior-personalizable-para-ayn-thor","status":"publish","type":"product","link":"https:\/\/ibied3d.store\/?product=carcasa-superior-personalizable-para-ayn-thor","title":{"rendered":"Carcasa superior personalizable para Ayn Thor"},"content":{"rendered":"<p>Det\u00e1llanos escrito el dise\u00f1o que te gustar\u00eda que haga para tu carcasa, recuerda solo pueden ser m\u00e1ximo 4 colores planos, sin sombras, despu\u00e9s de realizar el pedido escr\u00edbeme por privado para mandarme la imagen\/logo que quieres a\u00f1adir a tu dise\u00f1o. Colores disponibles: Negro | Rojo | Cian | Turquesa | Amarillo | Lila | Blanco | Beige | Blanco Hueso | Rojo brillo | Dorado | Plateado | Azul oscuro | Marr\u00f3n Oscuro | Rosa | Rosa Fucsia<\/p>\n","protected":false},"excerpt":{"rendered":"<p>Det\u00e1llanos escrito el dise\u00f1o que te gustar\u00eda que haga para tu carcasa, recuerda solo pueden ser m\u00e1ximo 4 colores planos, sin sombras, despu\u00e9s de realizar el pedido escr\u00edbeme por privado para mandarme la imagen\/logo que quieres a\u00f1adir a tu dise\u00f1o. Colores disponibles: Negro | Rojo | Cian | Turquesa | Amarillo | Lila | Blanco | Beige | Blanco Hueso | Rojo brillo | Dorado | Plateado | Azul oscuro | Marr\u00f3n Oscuro | Rosa | Rosa Fucsia<\/p>\n","protected":false},"featured_media":446,"comment_status":"open","ping_status":"closed","template":"","meta":[],"product_brand":[],"product_cat":[30],"product_tag":[34,47,138,46,53,48,42,137,136,139,45],"class_list":{"0":"post-443","1":"product","2":"type-product","3":"status-publish","4":"has-post-thumbnail","6":"product_cat-ayn-thor","7":"product_tag-accesorio-ayn-thor","8":"product_tag-carcasa-gamer-ayn-thor","9":"product_tag-carcasa-personalizable-ayn-thor","10":"product_tag-carcasa-personalizada-ayn-thor","11":"product_tag-carcasa-superior-ayn-thor","12":"product_tag-cubierta-superior-ayn-thor","13":"product_tag-funda-ayn-thor","14":"product_tag-funda-personalizada-ayn-thor","15":"product_tag-personaliza-tu-ayn-thor","16":"product_tag-personaliza-tu-funda","17":"product_tag-shell-superior-ayn-thor","19":"first","20":"instock","21":"taxable","22":"shipping-taxable","23":"purchasable","24":"product-type-simple"},"_links":{"self":[{"href":"https:\/\/ibied3d.store\/index.php?rest_route=\/wp\/v2\/product\/443","targetHints":{"allow":["GET"]}}],"collection":[{"href":"https:\/\/ibied3d.store\/index.php?rest_route=\/wp\/v2\/product"}],"about":[{"href":"https:\/\/ibied3d.store\/index.php?rest_route=\/wp\/v2\/types\/product"}],"replies":[{"embeddable":true,"href":"https:\/\/ibied3d.store\/index.php?rest_route=%2Fwp%2Fv2%2Fcomments&post=443"}],"wp:featuredmedia":[{"embeddable":true,"href":"https:\/\/ibied3d.store\/index.php?rest_route=\/wp\/v2\/media\/446"}],"wp:attachment":[{"href":"https:\/\/ibied3d.store\/index.php?rest_route=%2Fwp%2Fv2%2Fmedia&parent=443"}],"wp:term":[{"taxonomy":"product_brand","embeddable":true,"href":"https:\/\/ibied3d.store\/index.php?rest_route=%2Fwp%2Fv2%2Fproduct_brand&post=443"},{"taxonomy":"product_cat","embeddable":true,"href":"https:\/\/ibied3d.store\/index.php?rest_route=%2Fwp%2Fv2%2Fproduct_cat&post=443"},{"taxonomy":"product_tag","embeddable":true,"href":"https:\/\/ibied3d.store\/index.php?rest_route=%2Fwp%2Fv2%2Fproduct_tag&post=443"}],"curies":[{"name":"wp","href":"https:\/\/api.w.org\/{rel}","templated":true}]}}