{"id":43,"date":"2026-02-25T17:05:40","date_gmt":"2026-02-25T16:05:40","guid":{"rendered":"https:\/\/ibied3d.store\/?post_type=product&#038;p=43"},"modified":"2026-02-25T17:08:16","modified_gmt":"2026-02-25T16:08:16","slug":"carcasa-superior-estilo-pokeball-para-retroid-pocket-flip-2","status":"publish","type":"product","link":"https:\/\/ibied3d.store\/?product=carcasa-superior-estilo-pokeball-para-retroid-pocket-flip-2","title":{"rendered":"Carcasa superior estilo Pokeball para Retroid Pocket Flip 2"},"content":{"rendered":"<p>Carcasa superior de quita y pon tipo funda de movil r\u00edgida para Retroid Pocket Flip 2, estilo Pokeball, la parte negra se puede pedir del color que quieras, para que quede m\u00e1s a juego con el color de tu retroid pocket. El de la foto es el negro, elige el que m\u00e1s te guste de los disponibles.<\/p>\n","protected":false},"excerpt":{"rendered":"<p>Carcasa superior de quita y pon tipo funda de movil r\u00edgida para Retroid Pocket Flip 2, estilo Pokeball, la parte negra se puede pedir del color que quieras, para que quede m\u00e1s a juego con el color de tu retroid pocket. El de la foto es el negro, elige el que m\u00e1s te guste de los disponibles.<\/p>\n","protected":false},"featured_media":27,"comment_status":"open","ping_status":"closed","template":"","meta":[],"product_brand":[],"product_cat":[17],"product_tag":[24,25,22,28,18,27,26,19,29,23],"class_list":{"0":"post-43","1":"product","2":"type-product","3":"status-publish","4":"has-post-thumbnail","6":"product_cat-retroid-pocket-flip-2","7":"product_tag-accesorio-retroid-pocket-flip-2","8":"product_tag-carcasa-gamer-retroid-flip-2","9":"product_tag-carcasa-personalizada-retroid-pocket-flip-2","10":"product_tag-carcasa-pokeball-retroid","11":"product_tag-carcasa-retroid-pocket-flip-2","12":"product_tag-cubierta-superior-retroid-pocket-flip-2","13":"product_tag-funda-estilo-pokemon-retroid","14":"product_tag-funda-retroid-pocket-flip-2","15":"product_tag-pokeball-retroid-pocket-flip-2","16":"product_tag-shell-superior-retroid-pocket-flip-2","18":"first","19":"instock","20":"taxable","21":"shipping-taxable","22":"purchasable","23":"product-type-variable","24":"has-default-attributes"},"_links":{"self":[{"href":"https:\/\/ibied3d.store\/index.php?rest_route=\/wp\/v2\/product\/43","targetHints":{"allow":["GET"]}}],"collection":[{"href":"https:\/\/ibied3d.store\/index.php?rest_route=\/wp\/v2\/product"}],"about":[{"href":"https:\/\/ibied3d.store\/index.php?rest_route=\/wp\/v2\/types\/product"}],"replies":[{"embeddable":true,"href":"https:\/\/ibied3d.store\/index.php?rest_route=%2Fwp%2Fv2%2Fcomments&post=43"}],"wp:featuredmedia":[{"embeddable":true,"href":"https:\/\/ibied3d.store\/index.php?rest_route=\/wp\/v2\/media\/27"}],"wp:attachment":[{"href":"https:\/\/ibied3d.store\/index.php?rest_route=%2Fwp%2Fv2%2Fmedia&parent=43"}],"wp:term":[{"taxonomy":"product_brand","embeddable":true,"href":"https:\/\/ibied3d.store\/index.php?rest_route=%2Fwp%2Fv2%2Fproduct_brand&post=43"},{"taxonomy":"product_cat","embeddable":true,"href":"https:\/\/ibied3d.store\/index.php?rest_route=%2Fwp%2Fv2%2Fproduct_cat&post=43"},{"taxonomy":"product_tag","embeddable":true,"href":"https:\/\/ibied3d.store\/index.php?rest_route=%2Fwp%2Fv2%2Fproduct_tag&post=43"}],"curies":[{"name":"wp","href":"https:\/\/api.w.org\/{rel}","templated":true}]}}